{"id":103,"date":"2024-08-26T17:17:21","date_gmt":"2024-08-26T17:17:21","guid":{"rendered":"https:\/\/hangloosedivers.com\/?page_id=103"},"modified":"2024-10-04T13:19:02","modified_gmt":"2024-10-04T13:19:02","slug":"about","status":"publish","type":"page","link":"https:\/\/hangloosedivers.com\/es\/about\/","title":{"rendered":"ACERCA de"},"content":{"rendered":"<div data-elementor-type=\"wp-page\" data-elementor-id=\"103\" class=\"elementor elementor-103\" data-elementor-post-type=\"page\">\n\t\t\t\t\t\t<section class=\"elementor-section elementor-top-section elementor-element elementor-element-f7bbecb elementor-section-height-min-height elementor-section-full_width elementor-section-content-middle elementor-section-height-default elementor-section-items-middle\" data-id=\"f7bbecb\" data-element_type=\"section\" data-settings=\"{&quot;background_background&quot;:&quot;classic&quot;}\">\n\t\t\t\t\t\t\t<div class=\"elementor-background-overlay\"><\/div>\n\t\t\t\t\t\t\t<div class=\"elementor-container elementor-column-gap-no\">\n\t\t\t\t\t<div class=\"aux-parallax-section elementor-column elementor-col-100 elementor-top-column elementor-element elementor-element-10f2676\" data-id=\"10f2676\" data-element_type=\"column\">\n\t\t\t<div class=\"elementor-widget-wrap elementor-element-populated\">\n\t\t\t\t\t\t<div class=\"elementor-element elementor-element-1784cb7 elementor-widget elementor-widget-aux_modern_heading\" data-id=\"1784cb7\" data-element_type=\"widget\" data-widget_type=\"aux_modern_heading.default\">\n\t\t\t\t<div class=\"elementor-widget-container\">\n\t\t\t<section class=\"aux-widget-modern-heading\">\n            <div class=\"aux-widget-inner\"><h2 class=\"aux-modern-heading-primary\">ACERCA DE NOSOTROS<\/h2><\/div>\n        <\/section>\t\t<\/div>\n\t\t\t\t<\/div>\n\t\t\t\t\t<\/div>\n\t\t<\/div>\n\t\t\t\t\t<\/div>\n\t\t<\/section>\n\t\t\t\t<section class=\"elementor-section elementor-top-section elementor-element elementor-element-fb4066d elementor-section-boxed elementor-section-height-default elementor-section-height-default\" data-id=\"fb4066d\" data-element_type=\"section\" data-settings=\"{&quot;background_background&quot;:&quot;classic&quot;}\">\n\t\t\t\t\t\t<div class=\"elementor-container elementor-column-gap-default\">\n\t\t\t\t\t<div class=\"aux-parallax-section elementor-column elementor-col-50 elementor-top-column elementor-element elementor-element-c7e4b0e elementor-invisible\" data-id=\"c7e4b0e\" data-element_type=\"column\" data-settings=\"{&quot;background_background&quot;:&quot;classic&quot;,&quot;animation&quot;:&quot;slideInRight&quot;}\">\n\t\t\t<div class=\"elementor-widget-wrap elementor-element-populated\">\n\t\t\t\t\t\t<div class=\"elementor-element elementor-element-bad8ed2 elementor-widget elementor-widget-text-editor\" data-id=\"bad8ed2\" data-element_type=\"widget\" data-widget_type=\"text-editor.default\">\n\t\t\t\t<div class=\"elementor-widget-container\">\n\t\t\t\t\t\t\t<p><b>NUESTRA ESENCIA\u00a0\u00a0<\/b><\/p>\t\t\t\t\t\t<\/div>\n\t\t\t\t<\/div>\n\t\t\t\t<div class=\"elementor-element elementor-element-70bc846 elementor-widget elementor-widget-heading\" data-id=\"70bc846\" data-element_type=\"widget\" data-widget_type=\"heading.default\">\n\t\t\t\t<div class=\"elementor-widget-container\">\n\t\t\t<h2 class=\"elementor-heading-title elementor-size-default\">BUENA ONDA\n<\/h2>\t\t<\/div>\n\t\t\t\t<\/div>\n\t\t\t\t<div class=\"elementor-element elementor-element-3bf00f7 elementor-widget__width-initial elementor-widget elementor-widget-text-editor\" data-id=\"3bf00f7\" data-element_type=\"widget\" data-widget_type=\"text-editor.default\">\n\t\t\t\t<div class=\"elementor-widget-container\">\n\t\t\t\t\t\t\t<p>En Hang Loose, nos interesa dar un giro a nuestra pasi\u00f3n por el buceo en una experiencia inolvidable. Nuestros programas de buceo son uno-de-un-tipo, ya que podemos mezclar buceo con-una-vez-en-la-vida de aventuras, actividades sociales, y el buen ambiente \u00fanico. Si usted est\u00e1 mirando para aprender a bucear por primera vez, o con el objetivo de mejorar sus habilidades en las c\u00e1lidas aguas tropicales de Koh Tao, nuestros profesionales y experimentados instructores est\u00e1n aqu\u00ed para guiarlo en cada paso del camino.<\/p>\t\t\t\t\t\t<\/div>\n\t\t\t\t<\/div>\n\t\t\t\t\t<\/div>\n\t\t<\/div>\n\t\t\t\t<div class=\"aux-parallax-section elementor-column elementor-col-50 elementor-top-column elementor-element elementor-element-9612772 elementor-invisible\" data-id=\"9612772\" data-element_type=\"column\" data-settings=\"{&quot;background_background&quot;:&quot;classic&quot;,&quot;animation&quot;:&quot;fadeInLeft&quot;}\">\n\t\t\t<div class=\"elementor-widget-wrap elementor-element-populated\">\n\t\t\t\t\t\t<div class=\"elementor-element elementor-element-b68f9d1 elementor-widget elementor-widget-text-editor\" data-id=\"b68f9d1\" data-element_type=\"widget\" data-widget_type=\"text-editor.default\">\n\t\t\t\t<div class=\"elementor-widget-container\">\n\t\t\t\t\t\t\t<p><b>NUESTRA MENTALIDAD<\/b><\/p>\t\t\t\t\t\t<\/div>\n\t\t\t\t<\/div>\n\t\t\t\t<div class=\"elementor-element elementor-element-452daba elementor-widget elementor-widget-heading\" data-id=\"452daba\" data-element_type=\"widget\" data-widget_type=\"heading.default\">\n\t\t\t\t<div class=\"elementor-widget-container\">\n\t\t\t<h2 class=\"elementor-heading-title elementor-size-default\">SER UN AMIGO<\/h2>\t\t<\/div>\n\t\t\t\t<\/div>\n\t\t\t\t<div class=\"elementor-element elementor-element-6a98e73 elementor-widget__width-initial elementor-widget elementor-widget-text-editor\" data-id=\"6a98e73\" data-element_type=\"widget\" data-widget_type=\"text-editor.default\">\n\t\t\t\t<div class=\"elementor-widget-container\">\n\t\t\t\t\t\t\t<p>Es simple, nos esforzamos para actuar como un amigo para todos los que interact\u00faan. <br \/>A nuestros buzos, por ser cool, y siempre dispuesto a ir la milla extra cuando sea necesario. <br \/>Para el Personal, permitiendo que el trabajo para caber dentro de sus vidas en un amplio y acogedor. La familia es lo primero! Para el medio Ambiente, continuamente tratando de encontrar maneras de minimizar nuestro impacto negativo e iniciar acciones positivas y programas. Para las comunidades Locales, apoyando a las empresas locales y abrazar la cultura local.<\/p>\t\t\t\t\t\t<\/div>\n\t\t\t\t<\/div>\n\t\t\t\t\t<\/div>\n\t\t<\/div>\n\t\t\t\t\t<\/div>\n\t\t<\/section>\n\t\t\t\t<section class=\"elementor-section elementor-top-section elementor-element elementor-element-130a5ae elementor-section-boxed elementor-section-height-default elementor-section-height-default\" data-id=\"130a5ae\" data-element_type=\"section\" data-settings=\"{&quot;background_background&quot;:&quot;classic&quot;}\">\n\t\t\t\t\t\t<div class=\"elementor-container elementor-column-gap-no\">\n\t\t\t\t\t<div class=\"aux-parallax-section elementor-column elementor-col-50 elementor-top-column elementor-element elementor-element-b1c8c59\" data-id=\"b1c8c59\" data-element_type=\"column\">\n\t\t\t<div class=\"elementor-widget-wrap elementor-element-populated\">\n\t\t\t\t\t\t<div class=\"elementor-element elementor-element-7f58086 aux-appear-watch-animation aux-fade-in-up animated-fast elementor-invisible elementor-widget elementor-widget-aux_modern_heading\" data-id=\"7f58086\" data-element_type=\"widget\" data-settings=\"{&quot;_animation&quot;:&quot;fadeIn&quot;}\" data-widget_type=\"aux_modern_heading.default\">\n\t\t\t\t<div class=\"elementor-widget-container\">\n\t\t\t<section class=\"aux-widget-modern-heading\">\n            <div class=\"aux-widget-inner\"><h2 class=\"aux-modern-heading-primary\">NUESTRA HISTORIA<\/h2><h3 class=\"aux-modern-heading-secondary\"><span class=\"aux-head-before\">ESTA AVENTURA NUNCA DEBE TERMINAR<\/span><\/h3><div class=\"aux-modern-heading-description\"><p>Todo comenz\u00f3 en el a\u00f1o 2018, cuando, Mery y Marga, que reuni\u00f3 por primera vez en Koh tao...que al instante hizo clic! En los meses siguientes, podr\u00edamos capacitar y trabajar juntos, explorar la vibrante mundo submarino, forjando una profunda amistad a lo largo de la manera.<\/p><p>En una de nuestras vacaciones de buceo, rodeado de coloridos arrecifes y aguas tranquilas, estamos de acuerdo, &#034;esta aventura nunca debe terminar&#034; Esa simple declaraci\u00f3n provoc\u00f3 una conversaci\u00f3n que con el tiempo dar\u00eda lugar a la visi\u00f3n de nuestro propio centro de buceo.<\/p><p>Desde entonces, ambos estamos comprometidos a que el sue\u00f1o inicial. Nuestro centro de buceo idea floreci\u00f3, enraizada en la creencia de que el buceo debe encarnar la buena onda, la tapa-muesca de la formaci\u00f3n y la experiencia inolvidable\u2014una filosof\u00eda que viene a la vida en HANG LOOSE BUZOS.<\/p><\/div><\/div>\n        <\/section>\t\t<\/div>\n\t\t\t\t<\/div>\n\t\t\t\t<div class=\"elementor-element elementor-element-7a4fd95 elementor-widget elementor-widget-spacer\" data-id=\"7a4fd95\" data-element_type=\"widget\" data-widget_type=\"spacer.default\">\n\t\t\t\t<div class=\"elementor-widget-container\">\n\t\t\t\t\t<div class=\"elementor-spacer\">\n\t\t\t<div class=\"elementor-spacer-inner\"><\/div>\n\t\t<\/div>\n\t\t\t\t<\/div>\n\t\t\t\t<\/div>\n\t\t\t\t\t<\/div>\n\t\t<\/div>\n\t\t\t\t<div class=\"aux-parallax-section elementor-column elementor-col-50 elementor-top-column elementor-element elementor-element-d532c9c elementor-hidden-mobile\" data-id=\"d532c9c\" data-element_type=\"column\">\n\t\t\t<div class=\"elementor-widget-wrap elementor-element-populated\">\n\t\t\t\t\t\t<div class=\"elementor-element elementor-element-bf199b0 elementor-widget__width-initial animated-slow elementor-hidden-mobile elementor-invisible elementor-widget elementor-widget-aux_image\" data-id=\"bf199b0\" data-element_type=\"widget\" data-settings=\"{&quot;_animation&quot;:&quot;fadeIn&quot;}\" data-widget_type=\"aux_image.default\">\n\t\t\t\t<div class=\"elementor-widget-container\">\n\t\t\t<section class=\"widget-container aux-widget-image aux-alignnone aux-parent-au1fe1828c\">\n    <div class=\"aux-media-hint-frame\">\n        <div class=\"aux-media-image\" >\n        \n            \n\n            \n            <img fetchpriority=\"high\" decoding=\"async\" width=\"768\" height=\"768\" src=\"https:\/\/hangloosedivers.com\/wp-content\/uploads\/2024\/09\/FUNDIVE-21-768x768.jpg\" class=\"aux-attachment aux-featured-image aux-attachment-id-129\" alt=\"FUNDIVE-21\" srcset=\"https:\/\/hangloosedivers.com\/wp-content\/uploads\/2024\/09\/FUNDIVE-21-150x150.jpg 150w,https:\/\/hangloosedivers.com\/wp-content\/uploads\/2024\/09\/FUNDIVE-21-300x300.jpg 300w,https:\/\/hangloosedivers.com\/wp-content\/uploads\/2024\/09\/FUNDIVE-21-768x768.jpg 768w,https:\/\/hangloosedivers.com\/wp-content\/uploads\/2024\/09\/FUNDIVE-21-1024x1024.jpg 1024w,https:\/\/hangloosedivers.com\/wp-content\/uploads\/2024\/09\/FUNDIVE-21-768x768.jpg 768w\" data-ratio=\"1\" data-original-w=\"1706\" sizes=\"(max-width:479px) 480px,(max-width:767px) 768px,(max-width:1023px) 1024px,768px\" \/>            \n                <\/div>\n    <\/div>\n\n<\/section><!-- widget-container -->\t\t<\/div>\n\t\t\t\t<\/div>\n\t\t\t\t\t<\/div>\n\t\t<\/div>\n\t\t\t\t\t<\/div>\n\t\t<\/section>\n\t\t\t\t<section class=\"elementor-section elementor-top-section elementor-element elementor-element-9418b81 elementor-section-boxed elementor-section-height-default elementor-section-height-default\" data-id=\"9418b81\" data-element_type=\"section\" data-settings=\"{&quot;background_background&quot;:&quot;classic&quot;}\">\n\t\t\t\t\t\t<div class=\"elementor-container elementor-column-gap-no\">\n\t\t\t\t\t<div class=\"aux-parallax-section elementor-column elementor-col-50 elementor-top-column elementor-element elementor-element-bb22cf2\" data-id=\"bb22cf2\" data-element_type=\"column\">\n\t\t\t<div class=\"elementor-widget-wrap elementor-element-populated\">\n\t\t\t\t\t\t<div class=\"elementor-element elementor-element-7eb63c3 animated-slow elementor-invisible elementor-widget elementor-widget-aux_image\" data-id=\"7eb63c3\" data-element_type=\"widget\" data-settings=\"{&quot;_animation&quot;:&quot;fadeIn&quot;}\" data-widget_type=\"aux_image.default\">\n\t\t\t\t<div class=\"elementor-widget-container\">\n\t\t\t<section class=\"widget-container aux-widget-image aux-alignnone aux-parent-auc1776883\">\n    <div class=\"aux-media-hint-frame\">\n        <div class=\"aux-media-image\" >\n        \n            \n\n            \n            <img decoding=\"async\" width=\"768\" height=\"768\" src=\"https:\/\/hangloosedivers.com\/wp-content\/uploads\/2024\/09\/FUNDIVEM-3-scaled-40x40.jpg\" class=\"aux-attachment aux-featured-image aux-attachment-id-136 aux-preload aux-has-preview\" alt=\"FUNDIVEM-3\" data-ratio=\"1\" data-original-w=\"1706\" sizes=\"auto\" data-srcset=\"https:\/\/hangloosedivers.com\/wp-content\/uploads\/2024\/09\/FUNDIVEM-3-150x150.jpg 150w,https:\/\/hangloosedivers.com\/wp-content\/uploads\/2024\/09\/FUNDIVEM-3-300x300.jpg 300w,https:\/\/hangloosedivers.com\/wp-content\/uploads\/2024\/09\/FUNDIVEM-3-768x768.jpg 768w,https:\/\/hangloosedivers.com\/wp-content\/uploads\/2024\/09\/FUNDIVEM-3-1024x1024.jpg 1024w,https:\/\/hangloosedivers.com\/wp-content\/uploads\/2024\/09\/FUNDIVEM-3-768x768.jpg 768w\" data-src=\"https:\/\/hangloosedivers.com\/wp-content\/uploads\/2024\/09\/FUNDIVEM-3-768x768.jpg\" \/>            \n                <\/div>\n    <\/div>\n\n<\/section><!-- widget-container -->\t\t<\/div>\n\t\t\t\t<\/div>\n\t\t\t\t\t<\/div>\n\t\t<\/div>\n\t\t\t\t<div class=\"aux-parallax-section elementor-column elementor-col-50 elementor-top-column elementor-element elementor-element-66af67d\" data-id=\"66af67d\" data-element_type=\"column\">\n\t\t\t<div class=\"elementor-widget-wrap elementor-element-populated\">\n\t\t\t\t\t\t<div class=\"elementor-element elementor-element-f7ecf80 aux-appear-watch-animation aux-fade-in-up elementor-widget__width-initial animated-fast elementor-invisible elementor-widget elementor-widget-aux_modern_heading\" data-id=\"f7ecf80\" data-element_type=\"widget\" data-settings=\"{&quot;_animation&quot;:&quot;fadeIn&quot;}\" data-widget_type=\"aux_modern_heading.default\">\n\t\t\t\t<div class=\"elementor-widget-container\">\n\t\t\t<section class=\"aux-widget-modern-heading\">\n            <div class=\"aux-widget-inner\"><h2 class=\"aux-modern-heading-primary\"> ACERCA DE KOH TAO<\/h2><h3 class=\"aux-modern-heading-secondary\"><span class=\"aux-head-before\">SU HOGAR LEJOS DE CASA<\/span><\/h3><div class=\"aux-modern-heading-description\"><p><strong>FASCINANTE, RELAJADO Y DE FAMA MUNDIAL<\/strong><\/p><p>Ubicado en el coraz\u00f3n del Golfo de Tailandia, Koh Tao no es s\u00f3lo un destino \u2013 es una vibraci\u00f3n. Palmeras, playas de aguas cristalinas y hermosos sitios de buceo hacer en Koh Tao para\u00edso para muchos.<\/p><p>Con aguas cristalinas y un paisaje bajo el agua rebosante de vibrante vida marina, esta isla es un punto de acceso tanto para los novatos y experimentados buceadores. Nuestro centro de buceo est\u00e1 situado frente al mar, con la mejor onda y playa tropical de la vida en la puerta de su casa.\u00a0<\/p><p>Comience su d\u00eda con el mejor ambiente en Hang Loose, ir para una inmersi\u00f3n con el de una especie de instructores de buceo en el mejor barco de buceo en koh tao, y el acabado es empaparse de la puesta de sol con una cerveza fr\u00eda en la frente de su nuevo lugar favorito en la isla!<\/p><\/div><\/div>\n        <\/section>\t\t<\/div>\n\t\t\t\t<\/div>\n\t\t\t\t<div class=\"elementor-element elementor-element-db7a829 elementor-widget elementor-widget-spacer\" data-id=\"db7a829\" data-element_type=\"widget\" data-widget_type=\"spacer.default\">\n\t\t\t\t<div class=\"elementor-widget-container\">\n\t\t\t\t\t<div class=\"elementor-spacer\">\n\t\t\t<div class=\"elementor-spacer-inner\"><\/div>\n\t\t<\/div>\n\t\t\t\t<\/div>\n\t\t\t\t<\/div>\n\t\t\t\t\t<\/div>\n\t\t<\/div>\n\t\t\t\t\t<\/div>\n\t\t<\/section>\n\t\t\t\t<section class=\"elementor-section elementor-top-section elementor-element elementor-element-1cd7efe elementor-section-boxed elementor-section-height-default elementor-section-height-default\" data-id=\"1cd7efe\" data-element_type=\"section\" data-settings=\"{&quot;background_background&quot;:&quot;slideshow&quot;,&quot;background_slideshow_gallery&quot;:[{&quot;id&quot;:188,&quot;url&quot;:&quot;https:\\\/\\\/hangloosedivers.com\\\/wp-content\\\/uploads\\\/2024\\\/09\\\/Asset-2@2x-1.png&quot;}],&quot;background_slideshow_loop&quot;:&quot;yes&quot;,&quot;background_slideshow_slide_duration&quot;:5000,&quot;background_slideshow_slide_transition&quot;:&quot;fade&quot;,&quot;background_slideshow_transition_duration&quot;:500}\">\n\t\t\t\t\t\t\t<div class=\"elementor-background-overlay\"><\/div>\n\t\t\t\t\t\t\t<div class=\"elementor-container elementor-column-gap-default\">\n\t\t\t\t\t<div class=\"aux-parallax-section elementor-column elementor-col-100 elementor-top-column elementor-element elementor-element-cbeee34\" data-id=\"cbeee34\" data-element_type=\"column\">\n\t\t\t<div class=\"elementor-widget-wrap elementor-element-populated\">\n\t\t\t\t\t\t<div class=\"elementor-element elementor-element-9865708 elementor-headline--style-highlight elementor-widget elementor-widget-animated-headline\" data-id=\"9865708\" data-element_type=\"widget\" data-settings=\"{&quot;marker&quot;:&quot;underline&quot;,&quot;highlighted_text&quot;:&quot;LIFESTYLE&quot;,&quot;headline_style&quot;:&quot;highlight&quot;,&quot;loop&quot;:&quot;yes&quot;,&quot;highlight_animation_duration&quot;:1200,&quot;highlight_iteration_delay&quot;:8000}\" data-widget_type=\"animated-headline.default\">\n\t\t\t\t<div class=\"elementor-widget-container\">\n\t\t\t\t\t<h3 class=\"elementor-headline\">\n\t\t\t\t\t<span class=\"elementor-headline-plain-text elementor-headline-text-wrapper\">SU NUEVO <\/span>\n\t\t\t\t<span class=\"elementor-headline-dynamic-wrapper elementor-headline-text-wrapper\">\n\t\t\t\t\t<span class=\"elementor-headline-dynamic-text elementor-headline-text-active\">ESTILO de vida<\/span>\n\t\t\t\t<\/span>\n\t\t\t\t<\/h3>\n\t\t\t\t<\/div>\n\t\t\t\t<\/div>\n\t\t\t\t<div class=\"elementor-element elementor-element-2cb27fc elementor-widget elementor-widget-heading\" data-id=\"2cb27fc\" data-element_type=\"widget\" data-widget_type=\"heading.default\">\n\t\t\t\t<div class=\"elementor-widget-container\">\n\t\t\t<h2 class=\"elementor-heading-title elementor-size-default\">DESCALZO UN POCO DE LA VIDA\n<\/h2>\t\t<\/div>\n\t\t\t\t<\/div>\n\t\t\t\t<div class=\"elementor-element elementor-element-e125739 elementor-widget__width-initial elementor-widget elementor-widget-text-editor\" data-id=\"e125739\" data-element_type=\"widget\" data-widget_type=\"text-editor.default\">\n\t\t\t\t<div class=\"elementor-widget-container\">\n\t\t\t\t\t\t\t<p>Koh Tao es un para\u00edso tropical donde la aventura y la relajaci\u00f3n chocan de manera \u00e9pica. Sum\u00e9rgete en el mundo-famoso mundos submarinos, snorkel en aguas cristalinas en lugares como la Bah\u00eda de los Tiburones, o relajarte en playas espectaculares como Sairee y de Sai Nuan.\u00a0<\/p><p>Caminata a boquiabiertos a los puntos de vista, tales como John-Suwan, de crucero en el costa serena en kayak, y fiesta en el incre\u00edble Tailandesa comida en la calle y junto a la playa de Barbacoas. Cuando se pone el sol, bucear en la animada vida nocturna con fiestas en la playa y el fuego muestra, descubrir calas escondidas en una moto, o recargar con un fr\u00edo retiro de yoga. Con un sinf\u00edn de magn\u00edficas experiencias, Koh Tao tiene algo emocionante para todos los viajeros.<\/p>\t\t\t\t\t\t<\/div>\n\t\t\t\t<\/div>\n\t\t\t\t\t<\/div>\n\t\t<\/div>\n\t\t\t\t\t<\/div>\n\t\t<\/section>\n\t\t\t\t<\/div>","protected":false},"excerpt":{"rendered":"<p>ABOUT US OUR ESSENCE\u00a0\u00a0 GOOD VIBES At Hang Loose, we\u2019re all about turning our passion for diving into unforgettable experiences.\u00a0 Our scuba diving\u00a0 programs are one-of-a-kind, as we mix diving with once-in-a-lifetime adventures, social activities, and good vibes only. Whether you&#8217;re looking to learn how to dive for the first time or aiming to enhance [&hellip;]<\/p>","protected":false},"author":1,"featured_media":0,"parent":0,"menu_order":0,"comment_status":"closed","ping_status":"closed","template":"templates\/page-builder-content.php","meta":{"footnotes":""},"class_list":["post-103","page","type-page","status-publish","hentry"],"_links":{"self":[{"href":"https:\/\/hangloosedivers.com\/es\/wp-json\/wp\/v2\/pages\/103"}],"collection":[{"href":"https:\/\/hangloosedivers.com\/es\/wp-json\/wp\/v2\/pages"}],"about":[{"href":"https:\/\/hangloosedivers.com\/es\/wp-json\/wp\/v2\/types\/page"}],"author":[{"embeddable":true,"href":"https:\/\/hangloosedivers.com\/es\/wp-json\/wp\/v2\/users\/1"}],"replies":[{"embeddable":true,"href":"https:\/\/hangloosedivers.com\/es\/wp-json\/wp\/v2\/comments?post=103"}],"version-history":[{"count":110,"href":"https:\/\/hangloosedivers.com\/es\/wp-json\/wp\/v2\/pages\/103\/revisions"}],"predecessor-version":[{"id":1106,"href":"https:\/\/hangloosedivers.com\/es\/wp-json\/wp\/v2\/pages\/103\/revisions\/1106"}],"wp:attachment":[{"href":"https:\/\/hangloosedivers.com\/es\/wp-json\/wp\/v2\/media?parent=103"}],"curies":[{"name":"wp","href":"https:\/\/api.w.org\/{rel}","templated":true}]}}