{"id":250,"date":"2024-09-11T22:28:26","date_gmt":"2024-09-11T22:28:26","guid":{"rendered":"https:\/\/hangloosedivers.com\/?page_id=250"},"modified":"2024-10-04T15:34:01","modified_gmt":"2024-10-04T15:34:01","slug":"specialty-instructor","status":"publish","type":"page","link":"https:\/\/hangloosedivers.com\/es\/specialty-instructor\/","title":{"rendered":"LA ESPECIALIDAD DE INSTRUCTOR DE"},"content":{"rendered":"<div data-elementor-type=\"wp-page\" data-elementor-id=\"250\" class=\"elementor elementor-250\" data-elementor-post-type=\"page\">\n\t\t\t\t\t\t<section class=\"elementor-section elementor-top-section elementor-element elementor-element-21acb61 elementor-section-height-min-height elementor-section-full_width elementor-section-content-middle elementor-section-height-default elementor-section-items-middle\" data-id=\"21acb61\" data-element_type=\"section\" data-settings=\"{&quot;background_background&quot;:&quot;classic&quot;}\">\n\t\t\t\t\t\t\t<div class=\"elementor-background-overlay\"><\/div>\n\t\t\t\t\t\t\t<div class=\"elementor-container elementor-column-gap-no\">\n\t\t\t\t\t<div class=\"aux-parallax-section elementor-column elementor-col-100 elementor-top-column elementor-element elementor-element-0948398\" data-id=\"0948398\" data-element_type=\"column\">\n\t\t\t<div class=\"elementor-widget-wrap elementor-element-populated\">\n\t\t\t\t\t\t<div class=\"elementor-element elementor-element-b8bda34 elementor-widget elementor-widget-aux_modern_heading\" data-id=\"b8bda34\" data-element_type=\"widget\" data-widget_type=\"aux_modern_heading.default\">\n\t\t\t\t<div class=\"elementor-widget-container\">\n\t\t\t<section class=\"aux-widget-modern-heading\">\n            <div class=\"aux-widget-inner\"><h2 class=\"aux-modern-heading-primary\">LA ESPECIALIDAD DE INSTRUCTOR DE<\/h2><\/div>\n        <\/section>\t\t<\/div>\n\t\t\t\t<\/div>\n\t\t\t\t\t<\/div>\n\t\t<\/div>\n\t\t\t\t\t<\/div>\n\t\t<\/section>\n\t\t\t\t<section class=\"elementor-section elementor-top-section elementor-element elementor-element-5386938 elementor-section-stretched elementor-section-boxed elementor-section-height-default elementor-section-height-default\" data-id=\"5386938\" data-element_type=\"section\" data-settings=\"{&quot;stretch_section&quot;:&quot;section-stretched&quot;,&quot;background_background&quot;:&quot;classic&quot;}\">\n\t\t\t\t\t\t<div class=\"elementor-container elementor-column-gap-no\">\n\t\t\t\t\t<div class=\"aux-parallax-section elementor-column elementor-col-50 elementor-top-column elementor-element elementor-element-66290cf\" data-id=\"66290cf\" data-element_type=\"column\">\n\t\t\t<div class=\"elementor-widget-wrap elementor-element-populated\">\n\t\t\t\t\t\t<div class=\"elementor-element elementor-element-84dbea9 elementor-widget__width-initial elementor-hidden-desktop elementor-hidden-tablet elementor-widget elementor-widget-image\" data-id=\"84dbea9\" data-element_type=\"widget\" data-widget_type=\"image.default\">\n\t\t\t\t<div class=\"elementor-widget-container\">\n\t\t\t\t\t\t\t\t\t\t\t\t\t<img fetchpriority=\"high\" decoding=\"async\" width=\"500\" height=\"500\" src=\"https:\/\/hangloosedivers.com\/wp-content\/uploads\/2024\/10\/SPECIALTY-INSTRUCTOR.png\" class=\"attachment-full size-full wp-image-936\" alt=\"\" srcset=\"https:\/\/hangloosedivers.com\/wp-content\/uploads\/2024\/10\/SPECIALTY-INSTRUCTOR.png 500w, https:\/\/hangloosedivers.com\/wp-content\/uploads\/2024\/10\/SPECIALTY-INSTRUCTOR-300x300.png 300w, https:\/\/hangloosedivers.com\/wp-content\/uploads\/2024\/10\/SPECIALTY-INSTRUCTOR-150x150.png 150w, https:\/\/hangloosedivers.com\/wp-content\/uploads\/2024\/10\/SPECIALTY-INSTRUCTOR-12x12.png 12w\" sizes=\"(max-width: 500px) 100vw, 500px\" \/>\t\t\t\t\t\t\t\t\t\t\t\t\t<\/div>\n\t\t\t\t<\/div>\n\t\t\t\t<div class=\"elementor-element elementor-element-f6b4a98 elementor-widget__width-initial elementor-headline--style-highlight elementor-widget elementor-widget-animated-headline\" data-id=\"f6b4a98\" data-element_type=\"widget\" data-settings=\"{&quot;marker&quot;:&quot;double_underline&quot;,&quot;highlighted_text&quot;:&quot;10,000thb&quot;,&quot;headline_style&quot;:&quot;highlight&quot;,&quot;loop&quot;:&quot;yes&quot;,&quot;highlight_animation_duration&quot;:1200,&quot;highlight_iteration_delay&quot;:8000}\" data-widget_type=\"animated-headline.default\">\n\t\t\t\t<div class=\"elementor-widget-container\">\n\t\t\t\t\t<h3 class=\"elementor-headline\">\n\t\t\t\t\t<span class=\"elementor-headline-plain-text elementor-headline-text-wrapper\">LA ESPECIALIDAD DE INSTRUCTOR DE<\/span>\n\t\t\t\t<span class=\"elementor-headline-dynamic-wrapper elementor-headline-text-wrapper\">\n\t\t\t\t\t<span class=\"elementor-headline-dynamic-text elementor-headline-text-active\">10,000 thb<\/span>\n\t\t\t\t<\/span>\n\t\t\t\t<\/h3>\n\t\t\t\t<\/div>\n\t\t\t\t<\/div>\n\t\t\t\t<div class=\"elementor-element elementor-element-2f86f97 elementor-widget elementor-widget-text-editor\" data-id=\"2f86f97\" data-element_type=\"widget\" data-widget_type=\"text-editor.default\">\n\t\t\t\t<div class=\"elementor-widget-container\">\n\t\t\t\t\t\t\t<p>Listo para tomar su instructor de buceo juego al siguiente nivel? Nuestro programa de Koh Tao, es la puerta de entrada para dominar el arte de la ense\u00f1anza de cursos de Especialidad. Sum\u00e9rgete en un flexible, estructurado y gratificante viaje educativo donde aprender\u00e1s a organizar y liderar una variedad de especialidad cursos de buceo con delicadeza.<\/p><p>Vas a perfeccionar sus habilidades en el manejo del tiempo y la auto-disciplina, de ganar valiosos manos-en la experiencia docente y recoger las sugerencias de pro que va a elevar su juego de instrucciones. Adem\u00e1s, podr\u00e1 organizar y ense\u00f1ar a una amplia gama de especialidades de buceo SSI.<\/p><p>Paso de su carrera de buceo, convertido en una Especialidad SSI Instructor y hacer usted mismo un destacado candidato para trabajos de buceo de todo el mundo!<\/p><p>Inscr\u00edbase para la especialidad de instructor de paquete de programa (5 especialidades) y prep\u00e1rate para ense\u00f1ar buceo Profundo, la Noche y la visibilidad limitada, Independiente de buceo (muy popular entre la universidad de wisconsin fot\u00f3grafos y camar\u00f3grafos), Avanzado de buceo de naufragios y Reaccionar a la derecha (pre-requisito para hacer el estr\u00e9s y el programa de rescate).<\/p>\t\t\t\t\t\t<\/div>\n\t\t\t\t<\/div>\n\t\t\t\t\t<\/div>\n\t\t<\/div>\n\t\t\t\t<div class=\"aux-parallax-section elementor-column elementor-col-50 elementor-top-column elementor-element elementor-element-1ca6ec6\" data-id=\"1ca6ec6\" data-element_type=\"column\">\n\t\t\t<div class=\"elementor-widget-wrap elementor-element-populated\">\n\t\t\t\t\t\t<div class=\"elementor-element elementor-element-d187719 elementor-widget__width-initial elementor-hidden-mobile elementor-widget elementor-widget-image\" data-id=\"d187719\" data-element_type=\"widget\" data-widget_type=\"image.default\">\n\t\t\t\t<div class=\"elementor-widget-container\">\n\t\t\t\t\t\t\t\t\t\t\t\t\t<img fetchpriority=\"high\" decoding=\"async\" width=\"500\" height=\"500\" src=\"https:\/\/hangloosedivers.com\/wp-content\/uploads\/2024\/10\/SPECIALTY-INSTRUCTOR.png\" class=\"attachment-full size-full wp-image-936\" alt=\"\" srcset=\"https:\/\/hangloosedivers.com\/wp-content\/uploads\/2024\/10\/SPECIALTY-INSTRUCTOR.png 500w, https:\/\/hangloosedivers.com\/wp-content\/uploads\/2024\/10\/SPECIALTY-INSTRUCTOR-300x300.png 300w, https:\/\/hangloosedivers.com\/wp-content\/uploads\/2024\/10\/SPECIALTY-INSTRUCTOR-150x150.png 150w, https:\/\/hangloosedivers.com\/wp-content\/uploads\/2024\/10\/SPECIALTY-INSTRUCTOR-12x12.png 12w\" sizes=\"(max-width: 500px) 100vw, 500px\" \/>\t\t\t\t\t\t\t\t\t\t\t\t\t<\/div>\n\t\t\t\t<\/div>\n\t\t\t\t\t<\/div>\n\t\t<\/div>\n\t\t\t\t\t<\/div>\n\t\t<\/section>\n\t\t\t\t<\/div>","protected":false},"excerpt":{"rendered":"<p>SPECIALTY INSTRUCTOR SPECIALTY INSTRUCTOR 10,000thb Ready to take your dive instructor game to the next level? Our program on Koh Tao is your gateway to mastering the art of teaching Specialty courses. Dive into a flexible, structured, and rewarding educational journey where you&#8217;ll learn to organize and lead a variety of specialty diving courses with [&hellip;]<\/p>","protected":false},"author":1,"featured_media":0,"parent":0,"menu_order":0,"comment_status":"closed","ping_status":"closed","template":"elementor_header_footer","meta":{"footnotes":""},"class_list":["post-250","page","type-page","status-publish","hentry"],"_links":{"self":[{"href":"https:\/\/hangloosedivers.com\/es\/wp-json\/wp\/v2\/pages\/250"}],"collection":[{"href":"https:\/\/hangloosedivers.com\/es\/wp-json\/wp\/v2\/pages"}],"about":[{"href":"https:\/\/hangloosedivers.com\/es\/wp-json\/wp\/v2\/types\/page"}],"author":[{"embeddable":true,"href":"https:\/\/hangloosedivers.com\/es\/wp-json\/wp\/v2\/users\/1"}],"replies":[{"embeddable":true,"href":"https:\/\/hangloosedivers.com\/es\/wp-json\/wp\/v2\/comments?post=250"}],"version-history":[{"count":37,"href":"https:\/\/hangloosedivers.com\/es\/wp-json\/wp\/v2\/pages\/250\/revisions"}],"predecessor-version":[{"id":1182,"href":"https:\/\/hangloosedivers.com\/es\/wp-json\/wp\/v2\/pages\/250\/revisions\/1182"}],"wp:attachment":[{"href":"https:\/\/hangloosedivers.com\/es\/wp-json\/wp\/v2\/media?parent=250"}],"curies":[{"name":"wp","href":"https:\/\/api.w.org\/{rel}","templated":true}]}}