{"id":259,"date":"2024-09-11T22:32:21","date_gmt":"2024-09-11T22:32:21","guid":{"rendered":"https:\/\/hangloosedivers.com\/?page_id=259"},"modified":"2024-10-04T13:01:18","modified_gmt":"2024-10-04T13:01:18","slug":"basic-diver","status":"publish","type":"page","link":"https:\/\/hangloosedivers.com\/es\/basic-diver\/","title":{"rendered":"B\u00c1SICOS DE BUZO"},"content":{"rendered":"<div data-elementor-type=\"wp-page\" data-elementor-id=\"259\" class=\"elementor elementor-259\" data-elementor-post-type=\"page\">\n\t\t\t\t\t\t<section class=\"elementor-section elementor-top-section elementor-element elementor-element-3525659 elementor-section-height-min-height elementor-section-full_width elementor-section-content-middle elementor-section-height-default elementor-section-items-middle\" data-id=\"3525659\" data-element_type=\"section\" data-settings=\"{&quot;background_background&quot;:&quot;classic&quot;}\">\n\t\t\t\t\t\t\t<div class=\"elementor-background-overlay\"><\/div>\n\t\t\t\t\t\t\t<div class=\"elementor-container elementor-column-gap-no\">\n\t\t\t\t\t<div class=\"aux-parallax-section elementor-column elementor-col-100 elementor-top-column elementor-element elementor-element-16829de\" data-id=\"16829de\" data-element_type=\"column\">\n\t\t\t<div class=\"elementor-widget-wrap elementor-element-populated\">\n\t\t\t\t\t\t<div class=\"elementor-element elementor-element-2a52f73 elementor-widget elementor-widget-aux_modern_heading\" data-id=\"2a52f73\" data-element_type=\"widget\" data-widget_type=\"aux_modern_heading.default\">\n\t\t\t\t<div class=\"elementor-widget-container\">\n\t\t\t<section class=\"aux-widget-modern-heading\">\n            <div class=\"aux-widget-inner\"><h2 class=\"aux-modern-heading-primary\">B\u00c1SICOS DE BUZO<\/h2><\/div>\n        <\/section>\t\t<\/div>\n\t\t\t\t<\/div>\n\t\t\t\t\t<\/div>\n\t\t<\/div>\n\t\t\t\t\t<\/div>\n\t\t<\/section>\n\t\t\t\t<section class=\"elementor-section elementor-top-section elementor-element elementor-element-a158c6c elementor-section-stretched elementor-section-boxed elementor-section-height-default elementor-section-height-default\" data-id=\"a158c6c\" data-element_type=\"section\" data-settings=\"{&quot;stretch_section&quot;:&quot;section-stretched&quot;,&quot;background_background&quot;:&quot;classic&quot;}\">\n\t\t\t\t\t\t<div class=\"elementor-container elementor-column-gap-no\">\n\t\t\t\t\t<div class=\"aux-parallax-section elementor-column elementor-col-50 elementor-top-column elementor-element elementor-element-a97cf34\" data-id=\"a97cf34\" data-element_type=\"column\">\n\t\t\t<div class=\"elementor-widget-wrap elementor-element-populated\">\n\t\t\t\t\t\t<div class=\"elementor-element elementor-element-70ea3f2 elementor-widget__width-initial elementor-hidden-desktop elementor-hidden-tablet elementor-widget elementor-widget-image\" data-id=\"70ea3f2\" data-element_type=\"widget\" data-widget_type=\"image.default\">\n\t\t\t\t<div class=\"elementor-widget-container\">\n\t\t\t\t\t\t\t\t\t\t\t\t\t<img fetchpriority=\"high\" decoding=\"async\" width=\"500\" height=\"500\" src=\"https:\/\/hangloosedivers.com\/wp-content\/uploads\/2024\/10\/tryscuda-2.png\" class=\"attachment-full size-full wp-image-897\" alt=\"\" srcset=\"https:\/\/hangloosedivers.com\/wp-content\/uploads\/2024\/10\/tryscuda-2.png 500w, https:\/\/hangloosedivers.com\/wp-content\/uploads\/2024\/10\/tryscuda-2-300x300.png 300w, https:\/\/hangloosedivers.com\/wp-content\/uploads\/2024\/10\/tryscuda-2-150x150.png 150w, https:\/\/hangloosedivers.com\/wp-content\/uploads\/2024\/10\/tryscuda-2-12x12.png 12w\" sizes=\"(max-width: 500px) 100vw, 500px\" \/>\t\t\t\t\t\t\t\t\t\t\t\t\t<\/div>\n\t\t\t\t<\/div>\n\t\t\t\t<div class=\"elementor-element elementor-element-0950300 elementor-widget__width-initial elementor-headline--style-highlight elementor-widget elementor-widget-animated-headline\" data-id=\"0950300\" data-element_type=\"widget\" data-settings=\"{&quot;marker&quot;:&quot;double_underline&quot;,&quot;highlighted_text&quot;:&quot;3,500thb&quot;,&quot;headline_style&quot;:&quot;highlight&quot;,&quot;loop&quot;:&quot;yes&quot;,&quot;highlight_animation_duration&quot;:1200,&quot;highlight_iteration_delay&quot;:8000}\" data-widget_type=\"animated-headline.default\">\n\t\t\t\t<div class=\"elementor-widget-container\">\n\t\t\t\t\t<h3 class=\"elementor-headline\">\n\t\t\t\t\t<span class=\"elementor-headline-plain-text elementor-headline-text-wrapper\">TRATE DE BUCEO:<\/span>\n\t\t\t\t<span class=\"elementor-headline-dynamic-wrapper elementor-headline-text-wrapper\">\n\t\t\t\t\t<span class=\"elementor-headline-dynamic-text elementor-headline-text-active\">3,500 thb<\/span>\n\t\t\t\t<\/span>\n\t\t\t\t<\/h3>\n\t\t\t\t<\/div>\n\t\t\t\t<\/div>\n\t\t\t\t<div class=\"elementor-element elementor-element-e092168 elementor-widget elementor-widget-text-editor\" data-id=\"e092168\" data-element_type=\"widget\" data-widget_type=\"text-editor.default\">\n\t\t\t\t<div class=\"elementor-widget-container\">\n\t\t\t\t\t\t\t<p><span style=\"font-weight: 400;\">La B\u00e1sica programa del Buzo <\/span><span style=\"font-weight: 400;\">es un d\u00eda de experiencia<\/span><span style=\"font-weight: 400;\"> hecho a medida para principiantes, con un equipo de introducci\u00f3n, esencial de la teor\u00eda en buceo, y con las manos en el agua de formaci\u00f3n con nuestros experimentados Instructores. Una vez que hayas clavado las habilidades, de salir a explorar 2 de nuestro principiante-friendly sitios de buceo para una inolvidable aventura submarina.<\/span><\/p><p><span style=\"font-weight: 400;\">Vas a bucear a una profundidad m\u00e1xima de 12 metros en peque\u00f1os grupos de no m\u00e1s de cuatro buceadores por el instructor. Emp\u00e1pese de las mejores vibras!<\/span><\/p>\t\t\t\t\t\t<\/div>\n\t\t\t\t<\/div>\n\t\t\t\t<div class=\"elementor-element elementor-element-cfa5424 elementor-widget elementor-widget-heading\" data-id=\"cfa5424\" data-element_type=\"widget\" data-widget_type=\"heading.default\">\n\t\t\t\t<div class=\"elementor-widget-container\">\n\t\t\t<h2 class=\"elementor-heading-title elementor-size-default\">HORARIO<\/h2>\t\t<\/div>\n\t\t\t\t<\/div>\n\t\t\t\t<div class=\"elementor-element elementor-element-e62de79 elementor-widget elementor-widget-text-editor\" data-id=\"e62de79\" data-element_type=\"widget\" data-widget_type=\"text-editor.default\">\n\t\t\t\t<div class=\"elementor-widget-container\">\n\t\t\t\t\t\t\t<ol><li>Empezamos a las 9:30 con una introducci\u00f3n de la teor\u00eda de sesiones que duran alrededor de 90 minutos. Despu\u00e9s de un breve descanso nos dirigimos a nuestro incre\u00edble barco en el que vamos a hacer 2 inmersiones<\/li><li>En nuestra primera inmersi\u00f3n vamos a empezar muy poco profundas. Vamos a practicar algunas habilidades, y entonces ser\u00e1 el momento de ir a bucear!<\/li><li>La segunda inmersi\u00f3n ser\u00e1 a\u00fan mejor que el primero: vamos a descubrir otro sitio de buceo y disfrutar de un buceo de aguas abiertas de hasta 12 metros.<\/li><li>Vamos a terminar alrededor de las 4:30 de la tarde. De vuelta en Hang Loose usted recibir\u00e1 su Buzo de Reconocimiento de Tarjeta. \u00bfNo es genial?<\/li><\/ol>\t\t\t\t\t\t<\/div>\n\t\t\t\t<\/div>\n\t\t\t\t\t<\/div>\n\t\t<\/div>\n\t\t\t\t<div class=\"aux-parallax-section elementor-column elementor-col-50 elementor-top-column elementor-element elementor-element-f882139 elementor-hidden-mobile\" data-id=\"f882139\" data-element_type=\"column\">\n\t\t\t<div class=\"elementor-widget-wrap elementor-element-populated\">\n\t\t\t\t\t\t<div class=\"elementor-element elementor-element-083eb24 elementor-widget__width-initial elementor-hidden-mobile elementor-widget elementor-widget-image\" data-id=\"083eb24\" data-element_type=\"widget\" data-widget_type=\"image.default\">\n\t\t\t\t<div class=\"elementor-widget-container\">\n\t\t\t\t\t\t\t\t\t\t\t\t\t<img fetchpriority=\"high\" decoding=\"async\" width=\"500\" height=\"500\" src=\"https:\/\/hangloosedivers.com\/wp-content\/uploads\/2024\/10\/tryscuda-2.png\" class=\"attachment-full size-full wp-image-897\" alt=\"\" srcset=\"https:\/\/hangloosedivers.com\/wp-content\/uploads\/2024\/10\/tryscuda-2.png 500w, https:\/\/hangloosedivers.com\/wp-content\/uploads\/2024\/10\/tryscuda-2-300x300.png 300w, https:\/\/hangloosedivers.com\/wp-content\/uploads\/2024\/10\/tryscuda-2-150x150.png 150w, https:\/\/hangloosedivers.com\/wp-content\/uploads\/2024\/10\/tryscuda-2-12x12.png 12w\" sizes=\"(max-width: 500px) 100vw, 500px\" \/>\t\t\t\t\t\t\t\t\t\t\t\t\t<\/div>\n\t\t\t\t<\/div>\n\t\t\t\t\t<\/div>\n\t\t<\/div>\n\t\t\t\t\t<\/div>\n\t\t<\/section>\n\t\t\t\t<section class=\"elementor-section elementor-top-section elementor-element elementor-element-314e2a5 elementor-section-stretched elementor-section-boxed elementor-section-height-default elementor-section-height-default\" data-id=\"314e2a5\" data-element_type=\"section\" data-settings=\"{&quot;stretch_section&quot;:&quot;section-stretched&quot;,&quot;background_background&quot;:&quot;classic&quot;}\">\n\t\t\t\t\t\t<div class=\"elementor-container elementor-column-gap-no\">\n\t\t\t\t\t<div class=\"aux-parallax-section elementor-column elementor-col-50 elementor-top-column elementor-element elementor-element-0b410d7\" data-id=\"0b410d7\" data-element_type=\"column\">\n\t\t\t<div class=\"elementor-widget-wrap elementor-element-populated\">\n\t\t\t\t\t\t<div class=\"elementor-element elementor-element-cff9ada elementor-widget__width-initial elementor-widget elementor-widget-image\" data-id=\"cff9ada\" data-element_type=\"widget\" data-widget_type=\"image.default\">\n\t\t\t\t<div class=\"elementor-widget-container\">\n\t\t\t\t\t\t\t\t\t\t\t\t\t<img decoding=\"async\" width=\"500\" height=\"500\" src=\"https:\/\/hangloosedivers.com\/wp-content\/uploads\/2024\/10\/openwater-1.png\" class=\"attachment-full size-full wp-image-903\" alt=\"\" srcset=\"https:\/\/hangloosedivers.com\/wp-content\/uploads\/2024\/10\/openwater-1.png 500w, https:\/\/hangloosedivers.com\/wp-content\/uploads\/2024\/10\/openwater-1-300x300.png 300w, https:\/\/hangloosedivers.com\/wp-content\/uploads\/2024\/10\/openwater-1-150x150.png 150w, https:\/\/hangloosedivers.com\/wp-content\/uploads\/2024\/10\/openwater-1-12x12.png 12w\" sizes=\"(max-width: 500px) 100vw, 500px\" \/>\t\t\t\t\t\t\t\t\t\t\t\t\t<\/div>\n\t\t\t\t<\/div>\n\t\t\t\t\t<\/div>\n\t\t<\/div>\n\t\t\t\t<div class=\"aux-parallax-section elementor-column elementor-col-50 elementor-top-column elementor-element elementor-element-1da00ad\" data-id=\"1da00ad\" data-element_type=\"column\">\n\t\t\t<div class=\"elementor-widget-wrap elementor-element-populated\">\n\t\t\t\t\t\t<div class=\"elementor-element elementor-element-03ef025 elementor-widget__width-initial elementor-headline--style-highlight elementor-widget elementor-widget-animated-headline\" data-id=\"03ef025\" data-element_type=\"widget\" data-settings=\"{&quot;marker&quot;:&quot;double_underline&quot;,&quot;highlighted_text&quot;:&quot;10,500thb&quot;,&quot;headline_style&quot;:&quot;highlight&quot;,&quot;loop&quot;:&quot;yes&quot;,&quot;highlight_animation_duration&quot;:1200,&quot;highlight_iteration_delay&quot;:8000}\" data-widget_type=\"animated-headline.default\">\n\t\t\t\t<div class=\"elementor-widget-container\">\n\t\t\t\t\t<h3 class=\"elementor-headline\">\n\t\t\t\t\t<span class=\"elementor-headline-plain-text elementor-headline-text-wrapper\">AGUAS ABIERTAS:<\/span>\n\t\t\t\t<span class=\"elementor-headline-dynamic-wrapper elementor-headline-text-wrapper\">\n\t\t\t\t\t<span class=\"elementor-headline-dynamic-text elementor-headline-text-active\">10,500 thb<\/span>\n\t\t\t\t<\/span>\n\t\t\t\t<\/h3>\n\t\t\t\t<\/div>\n\t\t\t\t<\/div>\n\t\t\t\t<div class=\"elementor-element elementor-element-aa07e76 elementor-widget elementor-widget-text-editor\" data-id=\"aa07e76\" data-element_type=\"widget\" data-widget_type=\"text-editor.default\">\n\t\t\t\t<div class=\"elementor-widget-container\">\n\t\t\t\t\t\t\t<p><span style=\"font-weight: 400;\">Prep\u00e1rate para empezar su viaje de buceo con el Curso Open Water Diver en Hang Loose Buzos, Koh Tao \u2013 <\/span><span style=\"font-weight: 400;\">el comienzo perfecto y m\u00e1s popular en el curso de buceo para principiantes! <\/span><span style=\"font-weight: 400;\">Podr\u00e1s explorar el impresionante mundo submarino de Koh Tao, mientras que el dominio de las habilidades para bucear hasta 18 metros en cualquier lugar a nivel mundial.<\/span><\/p><p><span style=\"font-weight: 400;\">Este curso de buceo, se descompone en tres partes fundamentales: la participaci\u00f3n digital de la teor\u00eda, pr\u00e1ctica en aguas confinadas pr\u00e1cticas, y seis impresionantes inmersiones en nuestro principiante-amistosos puntos a trav\u00e9s de Koh tao y Koh Nang Yuan Islas.<\/span><\/p><p><span style=\"font-weight: 400;\">Los d\u00edas uno y dos de la mezcla de buceo de la teor\u00eda con conseguir c\u00f3modo en tu equipo. Guiados por nuestros instructores expertos, ser\u00e1 el momento de pasar a confinados sesiones donde vas a aprender a respirar c\u00f3modamente bajo el agua y maestro fundamentales de buceo habilidades necesarias Open Water Diver. De vuelta en el barco vamos a cambiar nuestros tanques y saltar de nuevo a bucear hasta 12 metros.<\/span><\/p><p><span style=\"font-weight: 400;\">En el tercer D\u00eda vamos a aplicar sus aguas confinadas-aprendido las habilidades de buceo rodeado de la vibrante vida marina de Koh Tao. Desde los corales, tortugas, es una aventura submarina como ning\u00fan otro!<\/span><\/p>\t\t\t\t\t\t<\/div>\n\t\t\t\t<\/div>\n\t\t\t\t<div class=\"elementor-element elementor-element-1393e37 elementor-widget elementor-widget-heading\" data-id=\"1393e37\" data-element_type=\"widget\" data-widget_type=\"heading.default\">\n\t\t\t\t<div class=\"elementor-widget-container\">\n\t\t\t<h2 class=\"elementor-heading-title elementor-size-default\">HORARIO<\/h2>\t\t<\/div>\n\t\t\t\t<\/div>\n\t\t\t\t<div class=\"elementor-element elementor-element-98aee24 elementor-widget elementor-widget-text-editor\" data-id=\"98aee24\" data-element_type=\"widget\" data-widget_type=\"text-editor.default\">\n\t\t\t\t<div class=\"elementor-widget-container\">\n\t\t\t\t\t\t\t<p>Los D\u00cdAS 1 y 2: Se inicio a las 9:30 con una introducci\u00f3n de la teor\u00eda de sesiones que duran alrededor de 90 minutos. Despu\u00e9s de un breve descanso nos dirigimos a nuestro incre\u00edble barco en el que vamos a hacer 2 inmersiones .<\/p><p>Comenzamos nuestra sesi\u00f3n de teor\u00eda a las 9:30 y despu\u00e9s de la pausa del almuerzo nos dirigimos hacia el barco. Vamos a empezar con simples pero importantes habilidades y, a continuaci\u00f3n, vamos a disfrutar de incre\u00edbles inmersiones de hasta 12 metros. Estaremos de regreso en la tienda de buceo a las 4:30 pm: tiempo para algunos dibriefings y el registro de tus inmersiones.<\/p><p>D\u00eda 3: es todo sobre el buceo! Inicio temprano a las 8 am para llegar a los mejores sitios de buceo en Koh tao para llevar a cabo 2 inmersiones en aguas abiertas, a las 18 metros. Despu\u00e9s de estas incre\u00edbles aventuras submarinas estaremos de regreso en Hang loose, a las 12h, listo para certificar como un Buzo de Aguas Abiertas para toda la vida!<\/p>\t\t\t\t\t\t<\/div>\n\t\t\t\t<\/div>\n\t\t\t\t<div class=\"elementor-element elementor-element-2f69934 elementor-widget__width-initial elementor-widget elementor-widget-spacer\" data-id=\"2f69934\" data-element_type=\"widget\" data-widget_type=\"spacer.default\">\n\t\t\t\t<div class=\"elementor-widget-container\">\n\t\t\t\t\t<div class=\"elementor-spacer\">\n\t\t\t<div class=\"elementor-spacer-inner\"><\/div>\n\t\t<\/div>\n\t\t\t\t<\/div>\n\t\t\t\t<\/div>\n\t\t\t\t\t<\/div>\n\t\t<\/div>\n\t\t\t\t\t<\/div>\n\t\t<\/section>\n\t\t\t\t<\/div>","protected":false},"excerpt":{"rendered":"<p>BASIC DIVER TRY SCUBA: 3,500thb The Basic Diver program is a one day experience tailor-made for beginners, featuring an equipment introduction, essential dive theory, and hands-on in water training with our seasoned Instructors. Once you&#8217;ve nailed the skills, head out to explore 2 of our beginner-friendly dive sites for an unforgettable underwater adventure. You&#8217;ll dive [&hellip;]<\/p>","protected":false},"author":1,"featured_media":0,"parent":0,"menu_order":0,"comment_status":"closed","ping_status":"closed","template":"elementor_header_footer","meta":{"footnotes":""},"class_list":["post-259","page","type-page","status-publish","hentry"],"_links":{"self":[{"href":"https:\/\/hangloosedivers.com\/es\/wp-json\/wp\/v2\/pages\/259"}],"collection":[{"href":"https:\/\/hangloosedivers.com\/es\/wp-json\/wp\/v2\/pages"}],"about":[{"href":"https:\/\/hangloosedivers.com\/es\/wp-json\/wp\/v2\/types\/page"}],"author":[{"embeddable":true,"href":"https:\/\/hangloosedivers.com\/es\/wp-json\/wp\/v2\/users\/1"}],"replies":[{"embeddable":true,"href":"https:\/\/hangloosedivers.com\/es\/wp-json\/wp\/v2\/comments?post=259"}],"version-history":[{"count":54,"href":"https:\/\/hangloosedivers.com\/es\/wp-json\/wp\/v2\/pages\/259\/revisions"}],"predecessor-version":[{"id":1046,"href":"https:\/\/hangloosedivers.com\/es\/wp-json\/wp\/v2\/pages\/259\/revisions\/1046"}],"wp:attachment":[{"href":"https:\/\/hangloosedivers.com\/es\/wp-json\/wp\/v2\/media?parent=259"}],"curies":[{"name":"wp","href":"https:\/\/api.w.org\/{rel}","templated":true}]}}