{"id":52,"date":"2020-03-11T20:36:55","date_gmt":"2020-03-11T20:36:55","guid":{"rendered":"https:\/\/hangloosedivers.com\/brazil\/"},"modified":"2024-10-04T13:24:20","modified_gmt":"2024-10-04T13:24:20","slug":"advanced","status":"publish","type":"page","link":"https:\/\/hangloosedivers.com\/es\/advanced\/","title":{"rendered":"AVANZADO"},"content":{"rendered":"<div data-elementor-type=\"wp-page\" data-elementor-id=\"52\" class=\"elementor elementor-52\" data-elementor-post-type=\"page\">\n\t\t\t\t\t\t<section class=\"elementor-section elementor-top-section elementor-element elementor-element-3525659 elementor-section-height-min-height elementor-section-full_width elementor-section-content-middle elementor-section-height-default elementor-section-items-middle\" data-id=\"3525659\" data-element_type=\"section\" data-settings=\"{&quot;background_background&quot;:&quot;classic&quot;}\">\n\t\t\t\t\t\t\t<div class=\"elementor-background-overlay\"><\/div>\n\t\t\t\t\t\t\t<div class=\"elementor-container elementor-column-gap-narrow\">\n\t\t\t\t\t<div class=\"aux-parallax-section elementor-column elementor-col-100 elementor-top-column elementor-element elementor-element-16829de\" data-id=\"16829de\" data-element_type=\"column\">\n\t\t\t<div class=\"elementor-widget-wrap elementor-element-populated\">\n\t\t\t\t\t\t<div class=\"elementor-element elementor-element-f85ed3b elementor-widget elementor-widget-aux_modern_heading\" data-id=\"f85ed3b\" data-element_type=\"widget\" data-widget_type=\"aux_modern_heading.default\">\n\t\t\t\t<div class=\"elementor-widget-container\">\n\t\t\t<section class=\"aux-widget-modern-heading\">\n            <div class=\"aux-widget-inner\"><h2 class=\"aux-modern-heading-primary\">AVANZADO<\/h2><\/div>\n        <\/section>\t\t<\/div>\n\t\t\t\t<\/div>\n\t\t\t\t\t<\/div>\n\t\t<\/div>\n\t\t\t\t\t<\/div>\n\t\t<\/section>\n\t\t\t\t<section class=\"elementor-section elementor-top-section elementor-element elementor-element-1813878 elementor-section-stretched elementor-section-boxed elementor-section-height-default elementor-section-height-default\" data-id=\"1813878\" data-element_type=\"section\" data-settings=\"{&quot;stretch_section&quot;:&quot;section-stretched&quot;,&quot;background_background&quot;:&quot;classic&quot;}\">\n\t\t\t\t\t\t<div class=\"elementor-container elementor-column-gap-no\">\n\t\t\t\t\t<div class=\"aux-parallax-section elementor-column elementor-col-50 elementor-top-column elementor-element elementor-element-d4cf805\" data-id=\"d4cf805\" data-element_type=\"column\">\n\t\t\t<div class=\"elementor-widget-wrap elementor-element-populated\">\n\t\t\t\t\t\t<div class=\"elementor-element elementor-element-806ed2c elementor-widget__width-initial elementor-hidden-desktop elementor-hidden-tablet elementor-widget elementor-widget-image\" data-id=\"806ed2c\" data-element_type=\"widget\" data-widget_type=\"image.default\">\n\t\t\t\t<div class=\"elementor-widget-container\">\n\t\t\t\t\t\t\t\t\t\t\t\t\t<img fetchpriority=\"high\" decoding=\"async\" width=\"500\" height=\"500\" src=\"https:\/\/hangloosedivers.com\/wp-content\/uploads\/2024\/10\/advanced.png\" class=\"attachment-full size-full wp-image-914\" alt=\"\" srcset=\"https:\/\/hangloosedivers.com\/wp-content\/uploads\/2024\/10\/advanced.png 500w, https:\/\/hangloosedivers.com\/wp-content\/uploads\/2024\/10\/advanced-300x300.png 300w, https:\/\/hangloosedivers.com\/wp-content\/uploads\/2024\/10\/advanced-150x150.png 150w, https:\/\/hangloosedivers.com\/wp-content\/uploads\/2024\/10\/advanced-12x12.png 12w\" sizes=\"(max-width: 500px) 100vw, 500px\" \/>\t\t\t\t\t\t\t\t\t\t\t\t\t<\/div>\n\t\t\t\t<\/div>\n\t\t\t\t<div class=\"elementor-element elementor-element-1b46a36 elementor-widget__width-initial elementor-headline--style-highlight elementor-widget elementor-widget-animated-headline\" data-id=\"1b46a36\" data-element_type=\"widget\" data-settings=\"{&quot;marker&quot;:&quot;double_underline&quot;,&quot;highlighted_text&quot;:&quot;9,500thb&quot;,&quot;headline_style&quot;:&quot;highlight&quot;,&quot;loop&quot;:&quot;yes&quot;,&quot;highlight_animation_duration&quot;:1200,&quot;highlight_iteration_delay&quot;:8000}\" data-widget_type=\"animated-headline.default\">\n\t\t\t\t<div class=\"elementor-widget-container\">\n\t\t\t\t\t<h3 class=\"elementor-headline\">\n\t\t\t\t\t<span class=\"elementor-headline-plain-text elementor-headline-text-wrapper\">AVANZADO:<\/span>\n\t\t\t\t<span class=\"elementor-headline-dynamic-wrapper elementor-headline-text-wrapper\">\n\t\t\t\t\t<span class=\"elementor-headline-dynamic-text elementor-headline-text-active\">9,500 thb<\/span>\n\t\t\t\t<\/span>\n\t\t\t\t<\/h3>\n\t\t\t\t<\/div>\n\t\t\t\t<\/div>\n\t\t\t\t<div class=\"elementor-element elementor-element-acf0f06 elementor-widget elementor-widget-text-editor\" data-id=\"acf0f06\" data-element_type=\"widget\" data-widget_type=\"text-editor.default\">\n\t\t\t\t<div class=\"elementor-widget-container\">\n\t\t\t\t\t\t\t<p>Embarcarse en la Avanzada Aventurero Curso en Koh Tao, un emocionante 2 d\u00edas de viaje que profundiza en el mundo del buceo. Este curso pr\u00e1ctico se salta el pesado de la teor\u00eda y se zambulle directamente en 5 emocionantes aventuras: buceo nocturno, buceo profundo (hasta 30 metros!), la exploraci\u00f3n de naufragios de la segunda guerra mundial, navegaci\u00f3n subacu\u00e1tica, y el dominio de la flotabilidad perfecta.<\/p><p>Ganar el Advanced Diver abre sitios de buceo en todo el mundo, lo que le permite explorar profundidades de hasta 30 metros con confianza y seguridad. Buceo en Koh tao sitios de buceo, famoso por sus impresionantes inmersiones entre 20 y 30 metros, que ofrece algunas de las m\u00e1s inolvidables experiencias bajo.<\/p><p>Durante todo el Curso de Buceo Avanzado, nuestros profesores se centran en perfeccionar sus habilidades, refinaci\u00f3n de control de la flotabilidad, la gesti\u00f3n de consumo de aire, y garantizar la seguridad de pr\u00e1cticas de buceo en todo momento.<\/p>\t\t\t\t\t\t<\/div>\n\t\t\t\t<\/div>\n\t\t\t\t<div class=\"elementor-element elementor-element-d0e8b31 elementor-widget elementor-widget-heading\" data-id=\"d0e8b31\" data-element_type=\"widget\" data-widget_type=\"heading.default\">\n\t\t\t\t<div class=\"elementor-widget-container\">\n\t\t\t<h2 class=\"elementor-heading-title elementor-size-default\">HORARIO<\/h2>\t\t<\/div>\n\t\t\t\t<\/div>\n\t\t\t\t<div class=\"elementor-element elementor-element-3c1561f elementor-widget elementor-widget-text-editor\" data-id=\"3c1561f\" data-element_type=\"widget\" data-widget_type=\"text-editor.default\">\n\t\t\t\t<div class=\"elementor-widget-container\">\n\t\t\t\t\t\t\t<ol><li>Se inicia a las 11 horas, en Hang Loose con una muy interesante sesi\u00f3n informativa acerca de sus 2 primeras aventuras: la Flotabilidad Perfecta y Navegaci\u00f3n Subacu\u00e1tica. A las 12h, nos dirigimos hacia el barco para poner en pr\u00e1ctica toda esta incre\u00edble nuevas habilidades en 2 inmersiones en aguas abiertas, terminando a las 5 de la tarde.<\/li><li>El d\u00eda 2 comienza a las 8am en el barco. Dos nuevas aventuras que nos esperan: en Profundidad y buceo en Naufragios. Despu\u00e9s de explorar las 2 de la tapa-muesca sitios de buceo en Koh Tao vamos a volver a Colgar suelto, a las 12h.<\/li><li>Nuestra noche de buceo de aventura comenzar\u00e1 a las 6pm. Prep\u00e1rate para tener una de las mejores experiencias de tu vida! Esta aventura termina a las 8pm en la Tienda de Buceo.<\/li><\/ol>\t\t\t\t\t\t<\/div>\n\t\t\t\t<\/div>\n\t\t\t\t\t<\/div>\n\t\t<\/div>\n\t\t\t\t<div class=\"aux-parallax-section elementor-column elementor-col-50 elementor-top-column elementor-element elementor-element-7d41dce\" data-id=\"7d41dce\" data-element_type=\"column\">\n\t\t\t<div class=\"elementor-widget-wrap elementor-element-populated\">\n\t\t\t\t\t\t<div class=\"elementor-element elementor-element-a8e45f4 elementor-widget__width-initial elementor-hidden-mobile elementor-widget elementor-widget-image\" data-id=\"a8e45f4\" data-element_type=\"widget\" data-widget_type=\"image.default\">\n\t\t\t\t<div class=\"elementor-widget-container\">\n\t\t\t\t\t\t\t\t\t\t\t\t\t<img fetchpriority=\"high\" decoding=\"async\" width=\"500\" height=\"500\" src=\"https:\/\/hangloosedivers.com\/wp-content\/uploads\/2024\/10\/advanced.png\" class=\"attachment-full size-full wp-image-914\" alt=\"\" srcset=\"https:\/\/hangloosedivers.com\/wp-content\/uploads\/2024\/10\/advanced.png 500w, https:\/\/hangloosedivers.com\/wp-content\/uploads\/2024\/10\/advanced-300x300.png 300w, https:\/\/hangloosedivers.com\/wp-content\/uploads\/2024\/10\/advanced-150x150.png 150w, https:\/\/hangloosedivers.com\/wp-content\/uploads\/2024\/10\/advanced-12x12.png 12w\" sizes=\"(max-width: 500px) 100vw, 500px\" \/>\t\t\t\t\t\t\t\t\t\t\t\t\t<\/div>\n\t\t\t\t<\/div>\n\t\t\t\t\t<\/div>\n\t\t<\/div>\n\t\t\t\t\t<\/div>\n\t\t<\/section>\n\t\t\t\t<section class=\"elementor-section elementor-top-section elementor-element elementor-element-3da9645 elementor-section-stretched elementor-section-boxed elementor-section-height-default elementor-section-height-default\" data-id=\"3da9645\" data-element_type=\"section\" data-settings=\"{&quot;stretch_section&quot;:&quot;section-stretched&quot;,&quot;background_background&quot;:&quot;classic&quot;}\">\n\t\t\t\t\t\t<div class=\"elementor-container elementor-column-gap-no\">\n\t\t\t\t\t<div class=\"aux-parallax-section elementor-column elementor-col-50 elementor-top-column elementor-element elementor-element-124de13\" data-id=\"124de13\" data-element_type=\"column\">\n\t\t\t<div class=\"elementor-widget-wrap elementor-element-populated\">\n\t\t\t\t\t\t<div class=\"elementor-element elementor-element-1ad4b60 elementor-widget__width-initial elementor-widget elementor-widget-image\" data-id=\"1ad4b60\" data-element_type=\"widget\" data-widget_type=\"image.default\">\n\t\t\t\t<div class=\"elementor-widget-container\">\n\t\t\t\t\t\t\t\t\t\t\t\t\t<img decoding=\"async\" width=\"500\" height=\"500\" src=\"https:\/\/hangloosedivers.com\/wp-content\/uploads\/2024\/10\/ENRICHED-AIR-NITROX.png\" class=\"attachment-full size-full wp-image-915\" alt=\"\" srcset=\"https:\/\/hangloosedivers.com\/wp-content\/uploads\/2024\/10\/ENRICHED-AIR-NITROX.png 500w, https:\/\/hangloosedivers.com\/wp-content\/uploads\/2024\/10\/ENRICHED-AIR-NITROX-300x300.png 300w, https:\/\/hangloosedivers.com\/wp-content\/uploads\/2024\/10\/ENRICHED-AIR-NITROX-150x150.png 150w, https:\/\/hangloosedivers.com\/wp-content\/uploads\/2024\/10\/ENRICHED-AIR-NITROX-12x12.png 12w\" sizes=\"(max-width: 500px) 100vw, 500px\" \/>\t\t\t\t\t\t\t\t\t\t\t\t\t<\/div>\n\t\t\t\t<\/div>\n\t\t\t\t\t<\/div>\n\t\t<\/div>\n\t\t\t\t<div class=\"aux-parallax-section elementor-column elementor-col-50 elementor-top-column elementor-element elementor-element-bf0378a\" data-id=\"bf0378a\" data-element_type=\"column\">\n\t\t\t<div class=\"elementor-widget-wrap elementor-element-populated\">\n\t\t\t\t\t\t<div class=\"elementor-element elementor-element-bc0476c elementor-headline--style-highlight elementor-widget elementor-widget-animated-headline\" data-id=\"bc0476c\" data-element_type=\"widget\" data-settings=\"{&quot;marker&quot;:&quot;double_underline&quot;,&quot;highlighted_text&quot;:&quot;5,500thb&quot;,&quot;headline_style&quot;:&quot;highlight&quot;,&quot;loop&quot;:&quot;yes&quot;,&quot;highlight_animation_duration&quot;:1200,&quot;highlight_iteration_delay&quot;:8000}\" data-widget_type=\"animated-headline.default\">\n\t\t\t\t<div class=\"elementor-widget-container\">\n\t\t\t\t\t<h3 class=\"elementor-headline\">\n\t\t\t\t\t<span class=\"elementor-headline-plain-text elementor-headline-text-wrapper\">EL AIRE ENRIQUECIDO NITROX:<\/span>\n\t\t\t\t<span class=\"elementor-headline-dynamic-wrapper elementor-headline-text-wrapper\">\n\t\t\t\t\t<span class=\"elementor-headline-dynamic-text elementor-headline-text-active\">5,500 thb<\/span>\n\t\t\t\t<\/span>\n\t\t\t\t<\/h3>\n\t\t\t\t<\/div>\n\t\t\t\t<\/div>\n\t\t\t\t<div class=\"elementor-element elementor-element-aef6c00 elementor-widget elementor-widget-text-editor\" data-id=\"aef6c00\" data-element_type=\"widget\" data-widget_type=\"text-editor.default\">\n\t\t\t\t<div class=\"elementor-widget-container\">\n\t\t\t\t\t\t\t<p>Listo para tomar sus aventuras submarinas para el siguiente nivel? Nuestro Buceador Nitrox Curso de Especialidad es su boleto a la extendida exploraciones bajo las olas. Sum\u00e9rgete en el mundo de aire enriquecido\u2014aka nitrox\u2014y descubrir c\u00f3mo este cambio de juego mezcla de ox\u00edgeno y nitr\u00f3geno que puede mejorar su experiencia de buceo.<\/p><p>Con nitrox, tendr\u00e1s m\u00e1s tiempo en el fondo y explorar el oc\u00e9ano m\u00e1s tiempo, gracias a su alto contenido de ox\u00edgeno. En este curso, aprender\u00e1 el arte de la planificaci\u00f3n de inmersiones con nitrox, el an\u00e1lisis de tanque de gases, y la gesti\u00f3n de la exposici\u00f3n al ox\u00edgeno para mantener su inmersiones seguras y emocionantes.<\/p><p>Ganar su certificaci\u00f3n Nitrox y desbloquear el potencial para explorar m\u00e1s, todo mientras que la observaci\u00f3n de la vibrante vida marina y de las impresionantes formaciones de coral. Si usted est\u00e1 en las manos de aprendizaje o simplemente desea que la teor\u00eda, lo tenemos cubierto:<\/p><p>\u2013 Pr\u00e1ctica de Buceo Opci\u00f3n: Dos inmersiones para 5.500 thb<br \/>\u2013 Teor\u00eda \u00danica Opci\u00f3n: la Inmersi\u00f3n en el conocimiento de 3.500 thb<br \/>Elija el formato que se adapte a tu estilo y prep\u00e1rate para elevar sus habilidades de buceo!<\/p><p>Una vez que hayas sacudido su curso y cogi\u00f3 el buceo error, la aventura no termina ah\u00ed!<br \/>Tome su certificaci\u00f3n de buceo y en algunos Nitrox diversi\u00f3n en Hang Loose Buzos. Listo para m\u00e1s? Aplicaciones de la emoci\u00f3n mediante la combinaci\u00f3n de Nitrox con su Deep Diver Especialidad durante m\u00e1s tiempo, epic inmersiones.<br \/>Sentirse como un buceo profesional en la fabricaci\u00f3n? Kickstart su viaje por medio de buceo en nuestro Programa Divemaster\u2014ahora que ha eliminado uno de los requisitos previos, ya est\u00e1 todo listo para subir de nivel!<\/p>\t\t\t\t\t\t<\/div>\n\t\t\t\t<\/div>\n\t\t\t\t\t<\/div>\n\t\t<\/div>\n\t\t\t\t\t<\/div>\n\t\t<\/section>\n\t\t\t\t<section class=\"elementor-section elementor-top-section elementor-element elementor-element-fec8da1 elementor-section-stretched elementor-section-boxed elementor-section-height-default elementor-section-height-default\" data-id=\"fec8da1\" data-element_type=\"section\" data-settings=\"{&quot;stretch_section&quot;:&quot;section-stretched&quot;,&quot;background_background&quot;:&quot;classic&quot;}\">\n\t\t\t\t\t\t<div class=\"elementor-container elementor-column-gap-no\">\n\t\t\t\t\t<div class=\"aux-parallax-section elementor-column elementor-col-50 elementor-top-column elementor-element elementor-element-0e34e24\" data-id=\"0e34e24\" data-element_type=\"column\">\n\t\t\t<div class=\"elementor-widget-wrap elementor-element-populated\">\n\t\t\t\t\t\t<div class=\"elementor-element elementor-element-c249d7a elementor-widget__width-initial elementor-hidden-desktop elementor-hidden-tablet elementor-widget elementor-widget-image\" data-id=\"c249d7a\" data-element_type=\"widget\" data-widget_type=\"image.default\">\n\t\t\t\t<div class=\"elementor-widget-container\">\n\t\t\t\t\t\t\t\t\t\t\t\t\t<img decoding=\"async\" width=\"500\" height=\"500\" src=\"https:\/\/hangloosedivers.com\/wp-content\/uploads\/2024\/10\/DEEP-DIVING-SPECIALTY.png\" class=\"attachment-full size-full wp-image-916\" alt=\"\" srcset=\"https:\/\/hangloosedivers.com\/wp-content\/uploads\/2024\/10\/DEEP-DIVING-SPECIALTY.png 500w, https:\/\/hangloosedivers.com\/wp-content\/uploads\/2024\/10\/DEEP-DIVING-SPECIALTY-300x300.png 300w, https:\/\/hangloosedivers.com\/wp-content\/uploads\/2024\/10\/DEEP-DIVING-SPECIALTY-150x150.png 150w, https:\/\/hangloosedivers.com\/wp-content\/uploads\/2024\/10\/DEEP-DIVING-SPECIALTY-12x12.png 12w\" sizes=\"(max-width: 500px) 100vw, 500px\" \/>\t\t\t\t\t\t\t\t\t\t\t\t\t<\/div>\n\t\t\t\t<\/div>\n\t\t\t\t<div class=\"elementor-element elementor-element-a51e5f7 elementor-headline--style-highlight elementor-widget elementor-widget-animated-headline\" data-id=\"a51e5f7\" data-element_type=\"widget\" data-settings=\"{&quot;marker&quot;:&quot;double_underline&quot;,&quot;highlighted_text&quot;:&quot;7,000thb&quot;,&quot;headline_style&quot;:&quot;highlight&quot;,&quot;loop&quot;:&quot;yes&quot;,&quot;highlight_animation_duration&quot;:1200,&quot;highlight_iteration_delay&quot;:8000}\" data-widget_type=\"animated-headline.default\">\n\t\t\t\t<div class=\"elementor-widget-container\">\n\t\t\t\t\t<h3 class=\"elementor-headline\">\n\t\t\t\t\t<span class=\"elementor-headline-plain-text elementor-headline-text-wrapper\">BUCEO PROFUNDO DE LA ESPECIALIDAD:<\/span>\n\t\t\t\t<span class=\"elementor-headline-dynamic-wrapper elementor-headline-text-wrapper\">\n\t\t\t\t\t<span class=\"elementor-headline-dynamic-text elementor-headline-text-active\">7,000 thb<\/span>\n\t\t\t\t<\/span>\n\t\t\t\t<\/h3>\n\t\t\t\t<\/div>\n\t\t\t\t<\/div>\n\t\t\t\t<div class=\"elementor-element elementor-element-b863d45 elementor-widget elementor-widget-text-editor\" data-id=\"b863d45\" data-element_type=\"widget\" data-widget_type=\"text-editor.default\">\n\t\t\t\t<div class=\"elementor-widget-container\">\n\t\t\t\t\t\t\t<p>Prep\u00e1rate para una \u00e9pica sumergirse en el coraz\u00f3n de Koh tao maravilloso mundo submarino! Nuestro Curso de Especialidad de Buceo Profundo es su boleto para explorar la emocionante profundidades del oc\u00e9ano a lo largo de dos d\u00edas llenos. Empujar sus l\u00edmites y la inmersi\u00f3n a un asombroso 40 metros con seguridad y estilo.<\/p><p>En este curso, tendr\u00e1s la experiencia de cuatro diversas inmersiones en la mente de soplado de lugares como Chumpon pinnacle, en el Suroeste de Pinnacle y Roca Verde. Empezar con un sabor de 18 a 24 metros, la rampa hasta el 24 a 30 metros, y finalmente, la conquista de la profundidad de 30-40 metros. Cada inmersi\u00f3n es un paso en la emoci\u00f3n y la aventura, asegurando que construir la confianza y la comodidad de ir.<\/p><p>Koh tao ofrece una fascinante mezcla de la vida marina y paisajes submarinos, haciendo de cada inmersi\u00f3n de un \u00fanico viaje de emoci\u00f3n. Completar el curso y no s\u00f3lo va a ser certificado para m\u00e1s profunda, m\u00e1s estimulante inmersiones, pero que tambi\u00e9n va a estar listo para explorar m\u00e1s con SSI Cursos de Especialidad o incluso kickstart un profesional de buceo de la carrera con nuestro Programa Divemaster.<\/p><p>Abrazar el profundo y dejar que el Hang Loose Buzos de la tripulaci\u00f3n guiar\u00e1 a trav\u00e9s de este viaje inolvidable en las profundidades!<\/p>\t\t\t\t\t\t<\/div>\n\t\t\t\t<\/div>\n\t\t\t\t\t<\/div>\n\t\t<\/div>\n\t\t\t\t<div class=\"aux-parallax-section elementor-column elementor-col-50 elementor-top-column elementor-element elementor-element-97051cc\" data-id=\"97051cc\" data-element_type=\"column\">\n\t\t\t<div class=\"elementor-widget-wrap elementor-element-populated\">\n\t\t\t\t\t\t<div class=\"elementor-element elementor-element-c70ab1a elementor-widget__width-initial elementor-hidden-mobile elementor-widget elementor-widget-image\" data-id=\"c70ab1a\" data-element_type=\"widget\" data-widget_type=\"image.default\">\n\t\t\t\t<div class=\"elementor-widget-container\">\n\t\t\t\t\t\t\t\t\t\t\t\t\t<img decoding=\"async\" width=\"500\" height=\"500\" src=\"https:\/\/hangloosedivers.com\/wp-content\/uploads\/2024\/10\/DEEP-DIVING-SPECIALTY.png\" class=\"attachment-full size-full wp-image-916\" alt=\"\" srcset=\"https:\/\/hangloosedivers.com\/wp-content\/uploads\/2024\/10\/DEEP-DIVING-SPECIALTY.png 500w, https:\/\/hangloosedivers.com\/wp-content\/uploads\/2024\/10\/DEEP-DIVING-SPECIALTY-300x300.png 300w, https:\/\/hangloosedivers.com\/wp-content\/uploads\/2024\/10\/DEEP-DIVING-SPECIALTY-150x150.png 150w, https:\/\/hangloosedivers.com\/wp-content\/uploads\/2024\/10\/DEEP-DIVING-SPECIALTY-12x12.png 12w\" sizes=\"(max-width: 500px) 100vw, 500px\" \/>\t\t\t\t\t\t\t\t\t\t\t\t\t<\/div>\n\t\t\t\t<\/div>\n\t\t\t\t\t<\/div>\n\t\t<\/div>\n\t\t\t\t\t<\/div>\n\t\t<\/section>\n\t\t\t\t<section class=\"elementor-section elementor-top-section elementor-element elementor-element-56d90dc elementor-section-stretched elementor-section-boxed elementor-section-height-default elementor-section-height-default\" data-id=\"56d90dc\" data-element_type=\"section\" data-settings=\"{&quot;stretch_section&quot;:&quot;section-stretched&quot;,&quot;background_background&quot;:&quot;classic&quot;}\">\n\t\t\t\t\t\t<div class=\"elementor-container elementor-column-gap-no\">\n\t\t\t\t\t<div class=\"aux-parallax-section elementor-column elementor-col-50 elementor-top-column elementor-element elementor-element-6b9df39\" data-id=\"6b9df39\" data-element_type=\"column\">\n\t\t\t<div class=\"elementor-widget-wrap elementor-element-populated\">\n\t\t\t\t\t\t<div class=\"elementor-element elementor-element-b6457d1 elementor-widget__width-initial elementor-widget elementor-widget-image\" data-id=\"b6457d1\" data-element_type=\"widget\" data-widget_type=\"image.default\">\n\t\t\t\t<div class=\"elementor-widget-container\">\n\t\t\t\t\t\t\t\t\t\t\t\t\t<img loading=\"lazy\" decoding=\"async\" width=\"500\" height=\"500\" src=\"https:\/\/hangloosedivers.com\/wp-content\/uploads\/2024\/10\/STRESS-AND-RESCUE-REACT-RIGHT.png\" class=\"attachment-full size-full wp-image-917\" alt=\"\" srcset=\"https:\/\/hangloosedivers.com\/wp-content\/uploads\/2024\/10\/STRESS-AND-RESCUE-REACT-RIGHT.png 500w, https:\/\/hangloosedivers.com\/wp-content\/uploads\/2024\/10\/STRESS-AND-RESCUE-REACT-RIGHT-300x300.png 300w, https:\/\/hangloosedivers.com\/wp-content\/uploads\/2024\/10\/STRESS-AND-RESCUE-REACT-RIGHT-150x150.png 150w, https:\/\/hangloosedivers.com\/wp-content\/uploads\/2024\/10\/STRESS-AND-RESCUE-REACT-RIGHT-12x12.png 12w\" sizes=\"(max-width: 500px) 100vw, 500px\" \/>\t\t\t\t\t\t\t\t\t\t\t\t\t<\/div>\n\t\t\t\t<\/div>\n\t\t\t\t\t<\/div>\n\t\t<\/div>\n\t\t\t\t<div class=\"aux-parallax-section elementor-column elementor-col-50 elementor-top-column elementor-element elementor-element-ff1b2e4\" data-id=\"ff1b2e4\" data-element_type=\"column\">\n\t\t\t<div class=\"elementor-widget-wrap elementor-element-populated\">\n\t\t\t\t\t\t<div class=\"elementor-element elementor-element-a5581e6 elementor-widget__width-initial elementor-headline--style-highlight elementor-widget elementor-widget-animated-headline\" data-id=\"a5581e6\" data-element_type=\"widget\" data-settings=\"{&quot;marker&quot;:&quot;double_underline&quot;,&quot;highlighted_text&quot;:&quot;12,600thb&quot;,&quot;headline_style&quot;:&quot;highlight&quot;,&quot;loop&quot;:&quot;yes&quot;,&quot;highlight_animation_duration&quot;:1200,&quot;highlight_iteration_delay&quot;:8000}\" data-widget_type=\"animated-headline.default\">\n\t\t\t\t<div class=\"elementor-widget-container\">\n\t\t\t\t\t<h3 class=\"elementor-headline\">\n\t\t\t\t\t<span class=\"elementor-headline-plain-text elementor-headline-text-wrapper\">EL ESTR\u00c9S Y EL RESCATE Y REACCIONAR A LA DERECHA:<\/span>\n\t\t\t\t<span class=\"elementor-headline-dynamic-wrapper elementor-headline-text-wrapper\">\n\t\t\t\t\t<span class=\"elementor-headline-dynamic-text elementor-headline-text-active\">12,600 thb<\/span>\n\t\t\t\t<\/span>\n\t\t\t\t<\/h3>\n\t\t\t\t<\/div>\n\t\t\t\t<\/div>\n\t\t\t\t<div class=\"elementor-element elementor-element-683fd09 elementor-widget elementor-widget-text-editor\" data-id=\"683fd09\" data-element_type=\"widget\" data-widget_type=\"text-editor.default\">\n\t\t\t\t<div class=\"elementor-widget-container\">\n\t\t\t\t\t\t\t<p>Prep\u00e1rate para transformar tus habilidades de buceo a lo largo de tres d\u00edas \u00e9picos con nuestro Estr\u00e9s y el Curso de Rescue Diver. No es s\u00f3lo un reto, es un total cambio de juego, lleno de habilidades esenciales para la prevenci\u00f3n de emergencias y administraci\u00f3n.<\/p><p>Poner las cosas fuera clavando su Primeros Auxilios de Emergencia de la Certificaci\u00f3n si usted no tiene ya. A partir de ah\u00ed, nos zambullirse directamente en la acci\u00f3n, la mezcla de la piscina de los ejercicios y las sesiones en aguas abiertas. Usted va a abordar una serie de situaciones de emergencias, a perfeccionar su habilidad para manejar cada uno como un profesional.<\/p><p>El Estr\u00e9s y el curso de Rescue Diver es ense\u00f1ado junto con la de Reaccionar a la Derecha del Curso y puede ser completado dentro de 3 d\u00edas. Al Reaccionar a la Derecha es un curso corto, que combina la RCP, primeros auxilios y proveedor de ox\u00edgeno en un \u00fanico curso. A partir de all\u00ed, el buceo es el coraz\u00f3n del curso de Rescate, combinando confinadas y aguas abiertas. Usted podr\u00e1 participar en una variedad de situaciones de emergencias, aprender a reaccionar de manera eficaz a cada uno. Al finalizar el curso usted estar\u00e1 equipado con las habilidades vitales en la prevenci\u00f3n de emergencias y administraci\u00f3n.<\/p><p>Lo que hace de este curso una de sobresaliente? Es el aumento de confianza que usted conseguir\u00e1. Aprender\u00e1s a prevenir y manejar el submarino problemas, y ven no s\u00f3lo como un buzo, pero como medida de seguridad de la superestrella en el mundo del buceo.<\/p>\t\t\t\t\t\t<\/div>\n\t\t\t\t<\/div>\n\t\t\t\t\t<\/div>\n\t\t<\/div>\n\t\t\t\t\t<\/div>\n\t\t<\/section>\n\t\t\t\t<\/div>","protected":false},"excerpt":{"rendered":"<p>ADVANCED ADVANCED: 9,500thb Embark on the Advanced Adventurer Course in Koh Tao, a thrilling 2 day journey that dives deep into the world of scuba. This hands-on course skips the heavy theory and dives straight into 5 exciting adventures: night dives, deep dives (up to 30 meters!), exploring WWII shipwrecks, underwater navigation, and mastering perfect [&hellip;]<\/p>","protected":false},"author":1,"featured_media":0,"parent":0,"menu_order":0,"comment_status":"closed","ping_status":"closed","template":"elementor_header_footer","meta":{"footnotes":""},"class_list":["post-52","page","type-page","status-publish","hentry"],"_links":{"self":[{"href":"https:\/\/hangloosedivers.com\/es\/wp-json\/wp\/v2\/pages\/52"}],"collection":[{"href":"https:\/\/hangloosedivers.com\/es\/wp-json\/wp\/v2\/pages"}],"about":[{"href":"https:\/\/hangloosedivers.com\/es\/wp-json\/wp\/v2\/types\/page"}],"author":[{"embeddable":true,"href":"https:\/\/hangloosedivers.com\/es\/wp-json\/wp\/v2\/users\/1"}],"replies":[{"embeddable":true,"href":"https:\/\/hangloosedivers.com\/es\/wp-json\/wp\/v2\/comments?post=52"}],"version-history":[{"count":117,"href":"https:\/\/hangloosedivers.com\/es\/wp-json\/wp\/v2\/pages\/52\/revisions"}],"predecessor-version":[{"id":1118,"href":"https:\/\/hangloosedivers.com\/es\/wp-json\/wp\/v2\/pages\/52\/revisions\/1118"}],"wp:attachment":[{"href":"https:\/\/hangloosedivers.com\/es\/wp-json\/wp\/v2\/media?parent=52"}],"curies":[{"name":"wp","href":"https:\/\/api.w.org\/{rel}","templated":true}]}}